{"id":9,"date":"2016-08-03T13:14:37","date_gmt":"2016-08-03T13:14:37","guid":{"rendered":"http:\/\/demo.olevmedia.net\/wheelsberry\/?page_id=9"},"modified":"2025-07-30T10:58:07","modified_gmt":"2025-07-30T10:58:07","slug":"homepage","status":"publish","type":"page","link":"https:\/\/tarik.itbrziservisnicentar.ba\/bs\/","title":{"rendered":"Homepage"},"content":{"rendered":"<p>[vc_row full_width=&#8221;stretch_row&#8221; el_id=&#8221;services&#8221;][vc_column][vc_custom_heading text=&#8221;Our Services&#8221; text_additional=&#8221;Probably the best service in the world&#8221; font_container=&#8221;tag:h2|text_align:center&#8221;][om_max_width max_width=&#8221;960&#8243;][om_services top_padding=&#8221;250&#8243; bottom_padding=&#8221;100&#8243;][om_services_item title=&#8221;Usluga vo\u017enje&#8221; link=&#8221;|||&#8221; bg_image=&#8221;160&#8243;]Krenite na Va\u0161e putovanje sa luksuznom uslugom.Na\u0161i uposlenici \u010dekaju na Vas pri dolasku na va\u0161u destinaciju i po potrebi bit \u0107e Vam na raspolaganju.[\/om_services_item][om_services_item title=&#8221;Planiranje goriva&#8221; link=&#8221;|||&#8221; bg_image=&#8221;169&#8243;]Nudimo veliki broj vozila.<br \/>\nPreuzimanje vozila sa punim rezervoarom, sa punim rezervoarom se i vra\u0107aju na lokaciju gdje su preuzeta.<br \/>\nDodatna usluga preuzimanja vozila na bilo kojoj adresi u Bosni i Hercegovini.[\/om_services_item][om_services_item title=&#8221;Preuzimanje &amp; Isporuka&#8221; bg_image=&#8221;171&#8243;]Ba\u0161 kad ste pomislili da izvrsna usluga koju dobivate od nas ne mo\u017ee biti bolja, Balkancars najam automobila sada nudi uslugu preuzimanja i dostave vozila do va\u0161eg ureda, doma ili servisa.[\/om_services_item][om_services_item title=&#8221;Preuzimanje &amp; isporuka&#8221; bg_image=&#8221;202&#8243;]Fleksibilni smo za sve va\u0161e \u017eelje[\/om_services_item][om_services_item title=&#8221;Isporuka &amp; Preuzimanje&#8221; bg_image=&#8221;221&#8243;]Savjeti i pomo\u0107 pri izboru vozila[\/om_services_item][om_services_item title=&#8221;Preuzimanje &amp; Isporuka&#8221; bg_image=&#8221;216&#8243;]Nudimo i uslugu iznajmljivanja vozila sa voza\u010dem[\/om_services_item][\/om_services][\/om_max_width][vc_empty_space height=&#8221;40px&#8221;][\/vc_column][\/vc_row][vc_row full_width=&#8221;stretch_row&#8221; el_id=&#8221;about&#8221; css=&#8221;.vc_custom_1470245913143{background-color: #ffffff !important;}&#8221;][vc_column][vc_empty_space height=&#8221;40px&#8221;][vc_custom_heading text=&#8221;O nama&#8221; text_additional=&#8221;\u0160irok izbor putni\u010dkih, SUV, elektri\u010dnih i sportskih vozila&#8221; font_container=&#8221;tag:h2|text_align:center&#8221;][om_about][om_about_item content_block=&#8221;counter&#8221; title=&#8221;Car rental&#8221; image=&#8221;50&#8243; img=&#8221;51&#8243; counter_title=&#8221;Sretnih klijenata&#8221; counter_value=&#8221;4500&#8243;]Zastupamo uzbudljivu mobilnost i prilago\u0111ena rje\u0161enja. Predvodimo inovacije u sektoru najma automobila. Visokokvalitetna korisni\u010dka usluga i besprijekorno iskustvo najma.[\/om_about_item][om_about_item content_block=&#8221;img&#8221; title=&#8221;About cars&#8221; image=&#8221;51&#8243; img=&#8221;53&#8243; content_img=&#8221;54&#8243;]Jedna od najve\u0107ih kompanija za iznajmljivanje automobila u Bosni i Hercegovini. Vi\u0161e od 60 vozila diljem Bosne i Hercegovine.[\/om_about_item][om_about_item content_block=&#8221;img&#8221; title=&#8221;Best car rental rates&#8221; image=&#8221;51&#8243; img=&#8221;89&#8243; content_img=&#8221;57&#8243;]One of the world&#8217;s largest car rental companies. More than 200 vehicles worldwide and 80+ premium cars[\/om_about_item][\/om_about][vc_empty_space height=&#8221;40px&#8221;][\/vc_column][\/vc_row][vc_row full_width=&#8221;stretch_row&#8221; el_id=&#8221;testimonials&#8221; css=&#8221;.vc_custom_1470247299737{background-color: #f7f7f7 !important;}&#8221;][vc_column][vc_empty_space height=&#8221;40px&#8221;][vc_custom_heading text=&#8221;\u0160ta ka\u017eu klijenti o nama?&#8221; font_container=&#8221;tag:h2|text_align:center&#8221; uppercase=&#8221;yes&#8221;][om_testimonials][om_testimonials_item author=&#8221;Scott Jackson, Los Angeles&#8221;]Ovo je bio na\u0161 prvi najam od Va\u0161e i bili smo jako zadovoljni cijelim iskustvom. Va\u0161a cijena je bila ni\u017ea od drugih tvrtki. Na\u0161e iskustvo najma bilo je dobro od po\u010detka do kraja, tako da \u0107emo se vratiti u budu\u0107nosti.[\/om_testimonials_item][om_testimonials_item author=&#8221;Emilio Allison, NY&#8221;]Svi\u0111a mi se usluga Va\u0161e kompanije, me\u0111utim vozilo nije bilo na razini \u010disto\u0107e koju bih o\u010dekivao i na koju sam navikao.[\/om_testimonials_item][om_testimonials_item author=&#8221;Kristi Rivera, Paris&#8221;]Profesionalno osoblje koje zna \u0161to treba u\u010diniti. Nakon dugog dana putovanja, dru\u017eenje s ljudima koji su ljubazni, pristojni i u\u010dinkoviti \u010dini veliku razliku[\/om_testimonials_item][\/om_testimonials][vc_empty_space height=&#8221;40px&#8221;][\/vc_column][\/vc_row][vc_row full_width=&#8221;stretch_row_content_no_spaces&#8221; el_id=&#8221;locations&#8221;][vc_column][om_rental_locations zoom=&#8221;16&#8243; title=&#8221;Car Rental Stanica&#8221; height=&#8221;370&#8243;][\/vc_column][\/vc_row][vc_row full_width=&#8221;stretch_row&#8221; el_id=&#8221;contacts&#8221;][vc_column][vc_empty_space height=&#8221;40px&#8221;][vc_custom_heading text=&#8221;Korisni\u010dki servis&#8221; text_additional=&#8221;Slobodno nas kontaktirajte s bilo kakvim pitanjima.&#8221; font_container=&#8221;tag:h2|text_align:center&#8221; uppercase=&#8221;yes&#8221;][om_persons][om_persons_item img_stand_out=&#8221;yes&#8221; name=&#8221;Adnan Holan&#8221; post=&#8221;Manager podr\u0161ke&#8221; phone=&#8221;+387 178 245 678&#8243; email=&#8221;adnan@podrska.com&#8221; img=&#8221;96&#8243; img_offset_x=&#8221;32&#8243; img_offset_y=&#8221;70&#8243;][om_persons_item img_stand_out=&#8221;yes&#8221; name=&#8221;Filip Trogat&#8221; post=&#8221;Manager podr\u0161ke&#8221; phone=&#8221;+387 178 987 654&#8243; email=&#8221;filip@podrska.com&#8221; img=&#8221;93&#8243; img_offset_x=&#8221;32&#8243; img_offset_y=&#8221;70&#8243;][om_persons_item img_stand_out=&#8221;yes&#8221; name=&#8221;Vedrana Taran&#8221; post=&#8221;Manager podr\u0161ke&#8221; phone=&#8221;+387 178 456 123&#8243; email=&#8221;vedrana@podrska.com&#8221; img=&#8221;97&#8243; img_offset_x=&#8221;32&#8243; img_offset_y=&#8221;70&#8243;][\/om_persons][om_logos grayscale=&#8221;yes&#8221; images=&#8221;73,74,75,76&#8243; img_size=&#8221;1200&#215;700&#8243;][vc_empty_space height=&#8221;20px&#8221;][\/vc_column][\/vc_row]<\/p>\n","protected":false},"excerpt":{"rendered":"<p>[vc_row full_width=&#8221;stretch_row&#8221; el_id=&#8221;services&#8221;][vc_column][vc_custom_heading text=&#8221;Our Services&#8221; text_additional=&#8221;Probably the best service in the world&#8221; font_container=&#8221;tag:h2|text_align:center&#8221;][om_max_width max_width=&#8221;960&#8243;][om_services top_padding=&#8221;250&#8243; bottom_padding=&#8221;100&#8243;][om_services_item title=&#8221;Usluga vo\u017enje&#8221; link=&#8221;|||&#8221; bg_image=&#8221;160&#8243;]Krenite na Va\u0161e putovanje sa luksuznom&hellip;<\/p>\n<p><a href=\"https:\/\/tarik.itbrziservisnicentar.ba\/bs\/\" class=\"read-more-link\">Read more<\/a><\/p>\n","protected":false},"author":1,"featured_media":0,"parent":0,"menu_order":0,"comment_status":"closed","ping_status":"closed","template":"","meta":{"footnotes":""},"class_list":["post-9","page","type-page","status-publish","hentry"],"yoast_head":"<!-- This site is optimized with the Yoast SEO Premium plugin v25.5 (Yoast SEO v25.5) - https:\/\/yoast.com\/wordpress\/plugins\/seo\/ -->\n<title>Homepage - My Blog<\/title>\n<meta name=\"robots\" content=\"index, follow, max-snippet:-1, max-image-preview:large, max-video-preview:-1\" \/>\n<link rel=\"canonical\" href=\"https:\/\/tarik.itbrziservisnicentar.ba\/bs\/\" \/>\n<meta property=\"og:locale\" content=\"en_US\" \/>\n<meta property=\"og:type\" content=\"article\" \/>\n<meta property=\"og:title\" content=\"Homepage\" \/>\n<meta property=\"og:description\" content=\"[vc_row full_width=&#8221;stretch_row&#8221; el_id=&#8221;services&#8221;][vc_column][vc_custom_heading text=&#8221;Our Services&#8221; text_additional=&#8221;Probably the best service in the world&#8221; font_container=&#8221;tag:h2|text_align:center&#8221;][om_max_width max_width=&#8221;960&#8243;][om_services top_padding=&#8221;250&#8243; bottom_padding=&#8221;100&#8243;][om_services_item title=&#8221;Usluga vo\u017enje&#8221; link=&#8221;|||&#8221; bg_image=&#8221;160&#8243;]Krenite na Va\u0161e putovanje sa luksuznom&hellip;Read more\" \/>\n<meta property=\"og:url\" content=\"https:\/\/tarik.itbrziservisnicentar.ba\/bs\/\" \/>\n<meta property=\"og:site_name\" content=\"My Blog\" \/>\n<meta property=\"article:modified_time\" content=\"2025-07-30T10:58:07+00:00\" \/>\n<meta name=\"twitter:card\" content=\"summary_large_image\" \/>\n<meta name=\"twitter:label1\" content=\"Est. reading time\" \/>\n\t<meta name=\"twitter:data1\" content=\"4 minutes\" \/>\n<script type=\"application\/ld+json\" class=\"yoast-schema-graph\">{\"@context\":\"https:\/\/schema.org\",\"@graph\":[{\"@type\":\"WebPage\",\"@id\":\"https:\/\/tarik.itbrziservisnicentar.ba\/bs\/\",\"url\":\"https:\/\/tarik.itbrziservisnicentar.ba\/bs\/\",\"name\":\"Homepage - My Blog\",\"isPartOf\":{\"@id\":\"https:\/\/tarik.itbrziservisnicentar.ba\/bs\/#website\"},\"datePublished\":\"2016-08-03T13:14:37+00:00\",\"dateModified\":\"2025-07-30T10:58:07+00:00\",\"breadcrumb\":{\"@id\":\"https:\/\/tarik.itbrziservisnicentar.ba\/bs\/#breadcrumb\"},\"inLanguage\":\"en-US\",\"potentialAction\":[{\"@type\":\"ReadAction\",\"target\":[\"https:\/\/tarik.itbrziservisnicentar.ba\/bs\/\"]}]},{\"@type\":\"BreadcrumbList\",\"@id\":\"https:\/\/tarik.itbrziservisnicentar.ba\/bs\/#breadcrumb\",\"itemListElement\":[{\"@type\":\"ListItem\",\"position\":1,\"name\":\"Home\",\"item\":\"https:\/\/tarik.itbrziservisnicentar.ba\/bs\/\"},{\"@type\":\"ListItem\",\"position\":2,\"name\":\"Homepage\"}]},{\"@type\":\"WebSite\",\"@id\":\"https:\/\/tarik.itbrziservisnicentar.ba\/bs\/#website\",\"url\":\"https:\/\/tarik.itbrziservisnicentar.ba\/bs\/\",\"name\":\"My Blog\",\"description\":\"My WordPress Blog\",\"potentialAction\":[{\"@type\":\"SearchAction\",\"target\":{\"@type\":\"EntryPoint\",\"urlTemplate\":\"https:\/\/tarik.itbrziservisnicentar.ba\/bs\/?s={search_term_string}\"},\"query-input\":{\"@type\":\"PropertyValueSpecification\",\"valueRequired\":true,\"valueName\":\"search_term_string\"}}],\"inLanguage\":\"en-US\"}]}<\/script>\n<!-- \/ Yoast SEO Premium plugin. -->","yoast_head_json":{"title":"Homepage - My Blog","robots":{"index":"index","follow":"follow","max-snippet":"max-snippet:-1","max-image-preview":"max-image-preview:large","max-video-preview":"max-video-preview:-1"},"canonical":"https:\/\/tarik.itbrziservisnicentar.ba\/bs\/","og_locale":"en_US","og_type":"article","og_title":"Homepage","og_description":"[vc_row full_width=&#8221;stretch_row&#8221; el_id=&#8221;services&#8221;][vc_column][vc_custom_heading text=&#8221;Our Services&#8221; text_additional=&#8221;Probably the best service in the world&#8221; font_container=&#8221;tag:h2|text_align:center&#8221;][om_max_width max_width=&#8221;960&#8243;][om_services top_padding=&#8221;250&#8243; bottom_padding=&#8221;100&#8243;][om_services_item title=&#8221;Usluga vo\u017enje&#8221; link=&#8221;|||&#8221; bg_image=&#8221;160&#8243;]Krenite na Va\u0161e putovanje sa luksuznom&hellip;Read more","og_url":"https:\/\/tarik.itbrziservisnicentar.ba\/bs\/","og_site_name":"My Blog","article_modified_time":"2025-07-30T10:58:07+00:00","twitter_card":"summary_large_image","twitter_misc":{"Est. reading time":"4 minutes"},"schema":{"@context":"https:\/\/schema.org","@graph":[{"@type":"WebPage","@id":"https:\/\/tarik.itbrziservisnicentar.ba\/bs\/","url":"https:\/\/tarik.itbrziservisnicentar.ba\/bs\/","name":"Homepage - My Blog","isPartOf":{"@id":"https:\/\/tarik.itbrziservisnicentar.ba\/bs\/#website"},"datePublished":"2016-08-03T13:14:37+00:00","dateModified":"2025-07-30T10:58:07+00:00","breadcrumb":{"@id":"https:\/\/tarik.itbrziservisnicentar.ba\/bs\/#breadcrumb"},"inLanguage":"en-US","potentialAction":[{"@type":"ReadAction","target":["https:\/\/tarik.itbrziservisnicentar.ba\/bs\/"]}]},{"@type":"BreadcrumbList","@id":"https:\/\/tarik.itbrziservisnicentar.ba\/bs\/#breadcrumb","itemListElement":[{"@type":"ListItem","position":1,"name":"Home","item":"https:\/\/tarik.itbrziservisnicentar.ba\/bs\/"},{"@type":"ListItem","position":2,"name":"Homepage"}]},{"@type":"WebSite","@id":"https:\/\/tarik.itbrziservisnicentar.ba\/bs\/#website","url":"https:\/\/tarik.itbrziservisnicentar.ba\/bs\/","name":"My Blog","description":"My WordPress Blog","potentialAction":[{"@type":"SearchAction","target":{"@type":"EntryPoint","urlTemplate":"https:\/\/tarik.itbrziservisnicentar.ba\/bs\/?s={search_term_string}"},"query-input":{"@type":"PropertyValueSpecification","valueRequired":true,"valueName":"search_term_string"}}],"inLanguage":"en-US"}]}},"_links":{"self":[{"href":"https:\/\/tarik.itbrziservisnicentar.ba\/bs\/wp-json\/wp\/v2\/pages\/9","targetHints":{"allow":["GET"]}}],"collection":[{"href":"https:\/\/tarik.itbrziservisnicentar.ba\/bs\/wp-json\/wp\/v2\/pages"}],"about":[{"href":"https:\/\/tarik.itbrziservisnicentar.ba\/bs\/wp-json\/wp\/v2\/types\/page"}],"author":[{"embeddable":true,"href":"https:\/\/tarik.itbrziservisnicentar.ba\/bs\/wp-json\/wp\/v2\/users\/1"}],"replies":[{"embeddable":true,"href":"https:\/\/tarik.itbrziservisnicentar.ba\/bs\/wp-json\/wp\/v2\/comments?post=9"}],"version-history":[{"count":49,"href":"https:\/\/tarik.itbrziservisnicentar.ba\/bs\/wp-json\/wp\/v2\/pages\/9\/revisions"}],"predecessor-version":[{"id":227,"href":"https:\/\/tarik.itbrziservisnicentar.ba\/bs\/wp-json\/wp\/v2\/pages\/9\/revisions\/227"}],"wp:attachment":[{"href":"https:\/\/tarik.itbrziservisnicentar.ba\/bs\/wp-json\/wp\/v2\/media?parent=9"}],"curies":[{"name":"wp","href":"https:\/\/api.w.org\/{rel}","templated":true}]}}